{"id":81,"date":"2016-02-02T12:05:19","date_gmt":"2016-02-02T12:05:19","guid":{"rendered":"http:\/\/shtheme.com\/demosd\/logis-cargo\/?page_id=81"},"modified":"2024-02-01T08:06:14","modified_gmt":"2024-02-01T14:06:14","slug":"nosotros","status":"publish","type":"page","link":"https:\/\/aeroexpress.net\/en\/nosotros\/","title":{"rendered":"About us"},"content":{"rendered":"<section class=\"wpb-content-wrapper\"><div class=\"vc_row wpb_row vc_row-fluid\"><div class=\"wpb_column vc_column_container vc_col-sm-8\"><div class=\"vc_column-inner\"><div class=\"wpb_wrapper\"><div class=\"vc_empty_space\"   style=\"height: 50px\"><span class=\"vc_empty_space_inner\"><\/span><\/div>\n<div class=\"sec-title\">\n         <h2><span style=\"\">About us<\/span><\/h2>\n        <\/div><div data-grp-name=\"faq-accrodion\" class=\"accrodion-grp faq-accrodion\">\r\n    <div class=\"accrodion active\">\r\n    <div class=\"accrodion-title\">\r\n        <h4>SINCE 1996<\/h4>\r\n    <\/div>\r\n    <div class=\"accrodion-content\">\r\n        <div class=\"img-caption\">\r\n                        <div class=\"img-box\">\r\n                <img decoding=\"async\" src=\"https:\/\/aeroexpress.net\/wp-content\/uploads\/2023\/12\/Aeroexpress-high-resultion-file-PhotoRoom-1.png-PhotoRoom-1.png\" alt=\"\" \/>\r\n            <\/div>\r\n                        <div class=\"content-box\">\r\n                                <p>A.E.H. Group S.A. It was established in 1996 in Panama City. Our main activity is to provide services to airlines in sales, marketing and air cargo management.<\/p>\n<p>In that same year, thanks to the success and vision of the company, it led us to open offices in each country in Central America, which we have called Aeroexpress Internacional, S.A.<\/p>\n<p>Today A.E.H. Group S.A. and AEROEXPRESS are leading companies in the region like C.G.S.A. and C.G.H.A. In January 2017, these companies were acquired by World Freight Company Investment Inc. and continue to be the best alternative as a representative for air cargo airlines.<\/p>\n<p>Currently A.E.H. Group S.A. manages cargo services for 7 airlines.<\/p>                <ul>\r\n                                    <\/ul>\r\n            <\/div>\r\n        <\/div>\r\n    <\/div>\r\n    <\/div>\r\n<\/div>\r\n\r\n<div data-grp-name=\"faq-accrodion\" class=\"accrodion-grp faq-accrodion\">\r\n    <div class=\"accrodion\">\r\n    <div class=\"accrodion-title\">\r\n        <h4>VISION<\/h4>\r\n    <\/div>\r\n    <div class=\"accrodion-content\">\r\n        <div class=\"img-caption\">\r\n                        <div class=\"img-box\">\r\n                <img decoding=\"async\" src=\"https:\/\/aeroexpress.net\/wp-content\/uploads\/2023\/12\/vision.png\" alt=\"\" \/>\r\n            <\/div>\r\n                        <div class=\"content-box\">\r\n                                <p>To be the best alternative in logistics services, representation, sales and management of Air Cargo for airlines, allowing them to save costs and generate greater profits through cargo sales.<\/p>                <ul>\r\n                                    <\/ul>\r\n            <\/div>\r\n        <\/div>\r\n    <\/div>\r\n    <\/div>\r\n<\/div>\r\n\r\n<div data-grp-name=\"faq-accrodion\" class=\"accrodion-grp faq-accrodion\">\r\n    <div class=\"accrodion\">\r\n    <div class=\"accrodion-title\">\r\n        <h4>MISSION<\/h4>\r\n    <\/div>\r\n    <div class=\"accrodion-content\">\r\n        <div class=\"img-caption\">\r\n                        <div class=\"img-box\">\r\n                <img decoding=\"async\" src=\"https:\/\/aeroexpress.net\/wp-content\/uploads\/2023\/12\/MISION.png\" alt=\"\" \/>\r\n            <\/div>\r\n                        <div class=\"content-box\">\r\n                                <p>Manage, control and strengthen the Air Cargo businesses of the airlines represented, with its own identity through a professional human resource highly committed to customers.<\/p>                <ul>\r\n                                    <\/ul>\r\n            <\/div>\r\n        <\/div>\r\n    <\/div>\r\n    <\/div>\r\n<\/div>\r\n\r\n<div class=\"vc_empty_space\"   style=\"height: 80px\"><span class=\"vc_empty_space_inner\"><\/span><\/div><\/div><\/div><\/div><div class=\"wpb_column vc_column_container vc_col-sm-4\"><div class=\"vc_column-inner\"><div class=\"wpb_wrapper\"><div class=\"vc_empty_space\"   style=\"height: 50px\"><span class=\"vc_empty_space_inner\"><\/span><\/div> \r\n<div class=\"sec-title\">\r\n    <h2><span>Our Offices<\/span><\/h2>\r\n<\/div>\r\n<div class=\"view-location\">\r\n    <img decoding=\"async\" src=\"https:\/\/aeroexpress.net\/wp-content\/uploads\/2024\/01\/oficina2-1.jpg\" alt=\"Awesome Image\"\/>\r\n    <p><\/p>\r\n    <a href=\"https:\/\/aeroexpress.net\/en\/oficinas\/\">See our locations<\/a>\r\n<\/div>\r\n\r\n<\/div><\/div><\/div><\/div><div data-vc-full-width=\"true\" data-vc-full-width-init=\"false\" class=\"vc_row wpb_row vc_row-fluid vc_custom_1461050652148 vc_row-has-fill\"><div class=\"wpb_column vc_column_container vc_col-sm-12\"><div class=\"vc_column-inner\"><div class=\"wpb_wrapper\"><div class=\"vc_empty_space\"   style=\"height: 25px\"><span class=\"vc_empty_space_inner\"><\/span><\/div>\n<div class=\"sec-title  vc_custom_1703713729359\">\n         <h2><span style=\"\">LEADERS<\/span><\/h2>\n        <\/div><div class=\"vc_empty_space\"   style=\"height: 10px\"><span class=\"vc_empty_space_inner\"><\/span><\/div><div class=\"vc_row wpb_row vc_inner vc_row-fluid\"><div class=\"wpb_column vc_column_container vc_col-sm-6\"><div class=\"vc_column-inner\"><div class=\"wpb_wrapper\"> \r\n    <div class=\"welcome-single-services\">\r\n        <div class=\"img-box\">\r\n            <img decoding=\"async\" src=\"https:\/\/aeroexpress.net\/wp-content\/uploads\/2024\/01\/Luis-Paredes-2.png\" alt=\"\">\r\n        <\/div>\r\n        <div class=\"text-box\">\r\n            <div class=\"content\">\r\n                <h3>Luis Fernando Paredes Quintero<\/h3>\r\n                <p><\/p>\r\n                            <\/div>\r\n        <\/div>\r\n    <\/div>\r\n\r\n \r\n    <div class=\"welcome-single-services\">\r\n        <div class=\"img-box\">\r\n            <img decoding=\"async\" src=\"https:\/\/aeroexpress.net\/wp-content\/uploads\/2024\/01\/Alex-Paredes.png\" alt=\"\">\r\n        <\/div>\r\n        <div class=\"text-box\">\r\n            <div class=\"content\">\r\n                <h3>Alex Paredes<\/h3>\r\n                <p><\/p>\r\n                            <\/div>\r\n        <\/div>\r\n    <\/div>\r\n\r\n \r\n    <div class=\"welcome-single-services\">\r\n        <div class=\"img-box\">\r\n            <img decoding=\"async\" src=\"https:\/\/aeroexpress.net\/wp-content\/uploads\/2024\/01\/EquipoComercial1-e1705959080209.jpg\" alt=\"\">\r\n        <\/div>\r\n        <div class=\"text-box\">\r\n            <div class=\"content\">\r\n                <h3>Tatiana Rojas<\/h3>\r\n                <p><\/p>\r\n                            <\/div>\r\n        <\/div>\r\n    <\/div>\r\n\r\n<\/div><\/div><\/div><div class=\"wpb_column vc_column_container vc_col-sm-6\"><div class=\"vc_column-inner\"><div class=\"wpb_wrapper\"> \r\n    <div class=\"welcome-single-services\">\r\n        <div class=\"img-box\">\r\n            <img decoding=\"async\" src=\"https:\/\/aeroexpress.net\/wp-content\/uploads\/2024\/01\/Lillibeth.png\" alt=\"\">\r\n        <\/div>\r\n        <div class=\"text-box\">\r\n            <div class=\"content\">\r\n                <h3>Lillibeth S\u00e1nchez Rodr\u00edguez<\/h3>\r\n                <p><\/p>\r\n                            <\/div>\r\n        <\/div>\r\n    <\/div>\r\n\r\n \r\n    <div class=\"welcome-single-services\">\r\n        <div class=\"img-box\">\r\n            <img decoding=\"async\" src=\"https:\/\/aeroexpress.net\/wp-content\/uploads\/2024\/01\/Alberto.png\" alt=\"\">\r\n        <\/div>\r\n        <div class=\"text-box\">\r\n            <div class=\"content\">\r\n                <h3>Alberto Hern\u00e1ndez<\/h3>\r\n                <p><\/p>\r\n                            <\/div>\r\n        <\/div>\r\n    <\/div>\r\n\r\n \r\n    <div class=\"welcome-single-services\">\r\n        <div class=\"img-box\">\r\n            <img decoding=\"async\" src=\"https:\/\/aeroexpress.net\/wp-content\/uploads\/2024\/01\/Tatiana.png\" alt=\"\">\r\n        <\/div>\r\n        <div class=\"text-box\">\r\n            <div class=\"content\">\r\n                <h3>Tatiana Vel\u00e1zquez<\/h3>\r\n                <p><\/p>\r\n                            <\/div>\r\n        <\/div>\r\n    <\/div>\r\n\r\n<\/div><\/div><\/div><\/div><div class=\"vc_empty_space\"   style=\"height: 80px\"><span class=\"vc_empty_space_inner\"><\/span><\/div><\/div><\/div><\/div><\/div><div class=\"vc_row-full-width vc_clearfix\"><\/div><div data-vc-full-width=\"true\" data-vc-full-width-init=\"false\" class=\"vc_row wpb_row vc_row-fluid tt-has-overlay tt-bg-fixed vc_custom_1705942440191 vc_row-has-fill\"><div class=\"wpb_column vc_column_container vc_col-sm-12\"><div class=\"vc_column-inner\"><div class=\"wpb_wrapper\"><div class=\"vc_empty_space\"   style=\"height: 35px\"><span class=\"vc_empty_space_inner\"><\/span><\/div>\n<div class=\"sec-title\">\n         <h2><span style=\"color: #ffffff;\">Years of experience<\/span><\/h2>\n        <\/div><div class=\"vc_empty_space\"   style=\"height: 35px\"><span class=\"vc_empty_space_inner\"><\/span><\/div><div class=\"vc_row wpb_row vc_inner vc_row-fluid\"><div class=\"wpb_column vc_column_container vc_col-sm-1\/5\"><div class=\"vc_column-inner\"><div class=\"wpb_wrapper\"> \r\n    <div class=\"single-fact-counter\">\r\n        <div class=\"icon-box\">\r\n            <i class=\"icon icon-Plaine\"><\/i>\r\n        <\/div>\r\n        <div class=\"text-box\">\r\n            <h4 class=\"timer\" data-from=\"0\" data-to=\"28\"><\/h4>\r\n            <p>Aerom\u00e9xico<\/p>\r\n        <\/div>\r\n    <\/div>\r\n\r\n\r\n<\/div><\/div><\/div><div class=\"wpb_column vc_column_container vc_col-sm-1\/5\"><div class=\"vc_column-inner\"><div class=\"wpb_wrapper\"> \r\n    <div class=\"single-fact-counter\">\r\n        <div class=\"icon-box\">\r\n            <i class=\"icon icon-Plaine\"><\/i>\r\n        <\/div>\r\n        <div class=\"text-box\">\r\n            <h4 class=\"timer\" data-from=\"0\" data-to=\"11\"><\/h4>\r\n            <p>Cathay<\/p>\r\n        <\/div>\r\n    <\/div>\r\n\r\n\r\n<\/div><\/div><\/div><div class=\"wpb_column vc_column_container vc_col-sm-1\/5\"><div class=\"vc_column-inner\"><div class=\"wpb_wrapper\"> \r\n    <div class=\"single-fact-counter\">\r\n        <div class=\"icon-box\">\r\n            <i class=\"icon icon-Plaine\"><\/i>\r\n        <\/div>\r\n        <div class=\"text-box\">\r\n            <h4 class=\"timer\" data-from=\"0\" data-to=\"12\"><\/h4>\r\n            <p>Transcarga<\/p>\r\n        <\/div>\r\n    <\/div>\r\n\r\n\r\n<\/div><\/div><\/div><div class=\"wpb_column vc_column_container vc_col-sm-1\/5\"><div class=\"vc_column-inner\"><div class=\"wpb_wrapper\"> \r\n    <div class=\"single-fact-counter\">\r\n        <div class=\"icon-box\">\r\n            <i class=\"icon icon-Plaine\"><\/i>\r\n        <\/div>\r\n        <div class=\"text-box\">\r\n            <h4 class=\"timer\" data-from=\"0\" data-to=\"14\"><\/h4>\r\n            <p>United Airlines<\/p>\r\n        <\/div>\r\n    <\/div>\r\n\r\n\r\n<\/div><\/div><\/div><div class=\"wpb_column vc_column_container vc_col-sm-1\/5\"><div class=\"vc_column-inner\"><div class=\"wpb_wrapper\"> \r\n    <div class=\"single-fact-counter\">\r\n        <div class=\"icon-box\">\r\n            <i class=\"icon icon-Plaine\"><\/i>\r\n        <\/div>\r\n        <div class=\"text-box\">\r\n            <h4 class=\"timer\" data-from=\"0\" data-to=\"6\"><\/h4>\r\n            <p>AerCaribe<\/p>\r\n        <\/div>\r\n    <\/div>\r\n\r\n\r\n<\/div><\/div><\/div><\/div><div class=\"vc_empty_space\"   style=\"height: 80px\"><span class=\"vc_empty_space_inner\"><\/span><\/div><div class=\"vc_row wpb_row vc_inner vc_row-fluid\"><div class=\"wpb_column vc_column_container vc_col-sm-3\"><div class=\"vc_column-inner\"><div class=\"wpb_wrapper\"> \r\n    <div class=\"single-fact-counter\">\r\n        <div class=\"icon-box\">\r\n            <i class=\"icon icon-Plaine\"><\/i>\r\n        <\/div>\r\n        <div class=\"text-box\">\r\n            <h4 class=\"timer\" data-from=\"0\" data-to=\"1\"><\/h4>\r\n            <p>Volaris<\/p>\r\n        <\/div>\r\n    <\/div>\r\n\r\n\r\n<\/div><\/div><\/div><div class=\"wpb_column vc_column_container vc_col-sm-3\"><div class=\"vc_column-inner\"><div class=\"wpb_wrapper\"> \r\n    <div class=\"single-fact-counter\">\r\n        <div class=\"icon-box\">\r\n            <i class=\"icon icon-Plaine\"><\/i>\r\n        <\/div>\r\n        <div class=\"text-box\">\r\n            <h4 class=\"timer\" data-from=\"0\" data-to=\"8\"><\/h4>\r\n            <p>Charter Line<\/p>\r\n        <\/div>\r\n    <\/div>\r\n\r\n\r\n<\/div><\/div><\/div><div class=\"wpb_column vc_column_container vc_col-sm-3\"><div class=\"vc_column-inner\"><div class=\"wpb_wrapper\"> \r\n    <div class=\"single-fact-counter\">\r\n        <div class=\"icon-box\">\r\n            <i class=\"icon icon-Plaine\"><\/i>\r\n        <\/div>\r\n        <div class=\"text-box\">\r\n            <h4 class=\"timer\" data-from=\"0\" data-to=\"3\"><\/h4>\r\n            <p>Qatar Air<\/p>\r\n        <\/div>\r\n    <\/div>\r\n\r\n\r\n<\/div><\/div><\/div><div class=\"wpb_column vc_column_container vc_col-sm-3\"><div class=\"vc_column-inner\"><div class=\"wpb_wrapper\"> \r\n    <div class=\"single-fact-counter\">\r\n        <div class=\"icon-box\">\r\n            <i class=\"icon icon-Plaine\"><\/i>\r\n        <\/div>\r\n        <div class=\"text-box\">\r\n            <h4 class=\"timer\" data-from=\"0\" data-to=\"1\"><\/h4>\r\n            <p>Cargo Three<\/p>\r\n        <\/div>\r\n    <\/div>\r\n\r\n\r\n<\/div><\/div><\/div><\/div><div class=\"vc_empty_space\"   style=\"height: 80px\"><span class=\"vc_empty_space_inner\"><\/span><\/div><\/div><\/div><\/div><div class=\"wpb_column vc_column_container vc_col-sm-12\"><div class=\"vc_column-inner\"><div class=\"wpb_wrapper\"><\/div><\/div><\/div><\/div><div class=\"vc_row-full-width vc_clearfix\"><\/div>\n<\/section>","protected":false},"excerpt":{"rendered":"Sobre Nosotros DESDE 1996 A.E.H. Group S.A. fue constituida en 1996 en la ciudad de Panam\u00e1. Nuestra principal actividad, brindar servicios a las aerol\u00edneas en las ventas, la comercializaci\u00f3n y el manejo de carga a\u00e9rea. En ese mismo a\u00f1o, gracias al \u00e9xito y la visi\u00f3n de la empresa nos llev\u00f3 a abrir oficinas en cada [...]","protected":false},"author":2,"featured_media":0,"parent":0,"menu_order":0,"comment_status":"closed","ping_status":"closed","template":"","meta":{"footnotes":""},"class_list":["post-81","page","type-page","status-publish","hentry"],"_links":{"self":[{"href":"https:\/\/aeroexpress.net\/en\/wp-json\/wp\/v2\/pages\/81","targetHints":{"allow":["GET"]}}],"collection":[{"href":"https:\/\/aeroexpress.net\/en\/wp-json\/wp\/v2\/pages"}],"about":[{"href":"https:\/\/aeroexpress.net\/en\/wp-json\/wp\/v2\/types\/page"}],"author":[{"embeddable":true,"href":"https:\/\/aeroexpress.net\/en\/wp-json\/wp\/v2\/users\/2"}],"replies":[{"embeddable":true,"href":"https:\/\/aeroexpress.net\/en\/wp-json\/wp\/v2\/comments?post=81"}],"version-history":[{"count":12,"href":"https:\/\/aeroexpress.net\/en\/wp-json\/wp\/v2\/pages\/81\/revisions"}],"predecessor-version":[{"id":1146,"href":"https:\/\/aeroexpress.net\/en\/wp-json\/wp\/v2\/pages\/81\/revisions\/1146"}],"wp:attachment":[{"href":"https:\/\/aeroexpress.net\/en\/wp-json\/wp\/v2\/media?parent=81"}],"curies":[{"name":"wp","href":"https:\/\/api.w.org\/{rel}","templated":true}]}}