{"id":410,"date":"2016-04-23T06:39:23","date_gmt":"2016-04-23T06:39:23","guid":{"rendered":"http:\/\/livedemos.templatation.com\/logiscargo5\/?page_id=410"},"modified":"2024-01-22T15:44:19","modified_gmt":"2024-01-22T21:44:19","slug":"costa-rica","status":"publish","type":"page","link":"https:\/\/aeroexpress.net\/en\/costa-rica\/","title":{"rendered":"Costa Rica"},"content":{"rendered":"<section class=\"wpb-content-wrapper\"><div class=\"vc_row wpb_row vc_row-fluid vc_custom_1461393811180 vc_column-gap-35 vc_row-o-equal-height vc_row-o-content-middle vc_row-flex\"><div class=\"wpb_column vc_column_container vc_col-sm-12\"><div class=\"vc_column-inner\"><div class=\"wpb_wrapper\">\n\t<div class=\"wpb_text_column wpb_content_element \" >\n\t\t<div class=\"wpb_wrapper\">\n\t\t\t<h2 style=\"text-align: left;\"><b>Tel<\/b><strong>:<\/strong> <a href=\"tel:+(506)40000872\">(506) 4000-0872<\/a><\/h2>\n<h2 style=\"text-align: left;\"><strong>Email:<\/strong> <a href=\"mailto:infosjo@aeroexpress.net\">infosjo@aeroexpress.net<\/a><\/h2>\n<h2 style=\"text-align: left;\"><strong>Direcci\u00f3n:<\/strong> Llorente de Flores, Heredia 500 mts oeste de la Fabrica Henkel, Edificio Terminales Santamar\u00eda.<\/h2>\n<h2 style=\"text-align: left;\"><strong>C\u00f3digo postal:<\/strong> 40803<\/h2>\n\n\t\t<\/div>\n\t<\/div>\n<div class=\"vc_empty_space\"   style=\"height: 40px\"><span class=\"vc_empty_space_inner\"><\/span><\/div><\/div><\/div><\/div><\/div><div data-vc-full-width=\"true\" data-vc-full-width-init=\"false\" data-vc-stretch-content=\"true\" class=\"vc_row wpb_row vc_row-fluid vc_row-no-padding\"><div class=\"wpb_column vc_column_container vc_col-sm-12\"><div class=\"vc_column-inner\"><div class=\"wpb_wrapper\"><div class=\"wpb_revslider_element wpb_content_element\">\n\t\t\t<!-- START Costa Rica REVOLUTION SLIDER 6.6.16 --><p class=\"rs-p-wp-fix\"><\/p>\n\t\t\t<rs-module-wrap id=\"rev_slider_1_1_wrapper\" data-source=\"gallery\" style=\"visibility:hidden;background:transparent;padding:0;margin:0px auto;margin-top:0;margin-bottom:0;\">\n\t\t\t\t<rs-module id=\"rev_slider_1_1\" style=\"\" data-version=\"6.6.16\">\n\t\t\t\t\t<rs-slides style=\"overflow: hidden; position: absolute;\">\n\t\t\t\t\t\t<rs-slide style=\"position: absolute;\" data-key=\"rs-20\" data-title=\"CostaRica\" data-anim=\"ms:110;\" data-in=\"o:-0.5;sx:1.6;sy:1.6;e:power3.inOut;\" data-out=\"o:0;sx:0.6;sy:0.6;e:power3.inOut;\">\n\t\t\t\t\t\t\t<img decoding=\"async\" src=\"\/\/aeroexpress.net\/wp-content\/plugins\/revslider\/public\/assets\/assets\/dummy.png\" alt=\"\" title=\"348234524_816418589864442_6309676908807574452_n\" width=\"1200\" height=\"1200\" class=\"rev-slidebg tp-rs-img rs-lazyload\" data-lazyload=\"\/\/aeroexpress.net\/wp-content\/uploads\/2024\/01\/348234524_816418589864442_6309676908807574452_n.png\" data-parallax=\"10\" data-no-retina>\n<!---->\t\t\t\t\t\t<\/rs-slide>\n\t\t\t\t\t\t<rs-slide style=\"position: absolute;\" data-key=\"rs-1\" data-title=\"CostaRica\" data-anim=\"ms:160;\" data-in=\"o:-0.5;sx:1.6;sy:1.6;e:power3.inOut;\" data-out=\"o:0;sx:0.6;sy:0.6;e:power3.inOut;\">\n\t\t\t\t\t\t\t<img decoding=\"async\" src=\"\/\/aeroexpress.net\/wp-content\/plugins\/revslider\/public\/assets\/assets\/dummy.png\" alt=\"\" title=\"AM4\" width=\"1024\" height=\"576\" class=\"rev-slidebg tp-rs-img rs-lazyload\" data-lazyload=\"\/\/aeroexpress.net\/wp-content\/uploads\/2024\/01\/AM4.jpg\" data-parallax=\"10\" data-no-retina>\n<!---->\t\t\t\t\t\t<\/rs-slide>\n\t\t\t\t\t\t<rs-slide style=\"position: absolute;\" data-key=\"rs-18\" data-title=\"CostaRica\" data-anim=\"ms:160;\" data-in=\"o:-0.5;sx:1.6;sy:1.6;e:power3.inOut;\" data-out=\"o:0;sx:0.6;sy:0.6;e:power3.inOut;\">\n\t\t\t\t\t\t\t<img decoding=\"async\" src=\"\/\/aeroexpress.net\/wp-content\/plugins\/revslider\/public\/assets\/assets\/dummy.png\" alt=\"\" title=\"AM13\" width=\"1024\" height=\"768\" class=\"rev-slidebg tp-rs-img rs-lazyload\" data-lazyload=\"\/\/aeroexpress.net\/wp-content\/uploads\/2024\/01\/AM13.jpg\" data-bg=\"p:center top;\" data-parallax=\"10\" data-no-retina>\n<!---->\t\t\t\t\t\t<\/rs-slide>\n\t\t\t\t\t\t<rs-slide style=\"position: absolute;\" data-key=\"rs-19\" data-title=\"CostaRica\" data-anim=\"ms:150;\" data-in=\"o:-0.5;sx:1.6;sy:1.6;e:power3.inOut;\" data-out=\"o:0;sx:0.6;sy:0.6;e:power3.inOut;\">\n\t\t\t\t\t\t\t<img decoding=\"async\" src=\"\/\/aeroexpress.net\/wp-content\/plugins\/revslider\/public\/assets\/assets\/dummy.png\" alt=\"\" title=\"FW29955\" width=\"1000\" height=\"667\" class=\"rev-slidebg tp-rs-img rs-lazyload\" data-lazyload=\"\/\/aeroexpress.net\/wp-content\/uploads\/2024\/01\/FW29955.jpg\" data-parallax=\"10\" data-no-retina>\n<!---->\t\t\t\t\t\t<\/rs-slide>\n\t\t\t\t\t\t<rs-slide style=\"position: absolute;\" data-key=\"rs-21\" data-title=\"CostaRica\" data-anim=\"ms:160;\" data-in=\"o:-0.5;sx:1.6;sy:1.6;e:power3.inOut;\" data-out=\"o:0;sx:0.6;sy:0.6;e:power3.inOut;\">\n\t\t\t\t\t\t\t<img decoding=\"async\" src=\"\/\/aeroexpress.net\/wp-content\/plugins\/revslider\/public\/assets\/assets\/dummy.png\" alt=\"\" title=\"JK10\" width=\"1024\" height=\"576\" class=\"rev-slidebg tp-rs-img rs-lazyload\" data-lazyload=\"\/\/aeroexpress.net\/wp-content\/uploads\/2024\/01\/JK10.jpg\" data-bg=\"p:center top;\" data-parallax=\"10\" data-no-retina>\n<!---->\t\t\t\t\t\t<\/rs-slide>\n\t\t\t\t\t\t<rs-slide style=\"position: absolute;\" data-key=\"rs-22\" data-title=\"CostaRica\" data-anim=\"ms:160;\" data-in=\"o:-0.5;sx:1.6;sy:1.6;e:power3.inOut;\" data-out=\"o:0;sx:0.6;sy:0.6;e:power3.inOut;\">\n\t\t\t\t\t\t\t<img decoding=\"async\" src=\"\/\/aeroexpress.net\/wp-content\/plugins\/revslider\/public\/assets\/assets\/dummy.png\" alt=\"\" title=\"AEROMEXICO(1)\" width=\"2560\" height=\"1700\" class=\"rev-slidebg tp-rs-img rs-lazyload\" data-lazyload=\"\/\/aeroexpress.net\/wp-content\/uploads\/2024\/01\/AEROMEXICO1-scaled.jpg\" data-parallax=\"10\" data-no-retina>\n<!---->\t\t\t\t\t\t<\/rs-slide>\n\t\t\t\t\t<\/rs-slides>\n\t\t\t\t<\/rs-module>\n\t\t\t\t<script>\n\t\t\t\t\tsetREVStartSize({c: 'rev_slider_1_1',rl:[1240,1024,778,480],el:[600,500,400,270],gw:[1240,1024,778,480],gh:[600,500,400,270],type:'standard',justify:'',layout:'fullwidth',mh:\"0\"});if (window.RS_MODULES!==undefined && window.RS_MODULES.modules!==undefined && window.RS_MODULES.modules[\"revslider11\"]!==undefined) {window.RS_MODULES.modules[\"revslider11\"].once = false;window.revapi1 = undefined;if (window.RS_MODULES.checkMinimal!==undefined) window.RS_MODULES.checkMinimal()}\n\t\t\t\t<\/script>\n\t\t\t<\/rs-module-wrap>\n\t\t\t<!-- END REVOLUTION SLIDER -->\n<\/div><\/div><\/div><\/div><\/div><div class=\"vc_row-full-width vc_clearfix\"><\/div>\n<\/section>","protected":false},"excerpt":{"rendered":"Tel: (506) 4000-0872 Email: infosjo@aeroexpress.net Direcci\u00f3n: Llorente de Flores, Heredia 500 mts oeste de la Fabrica Henkel, Edificio Terminales Santamar\u00eda. C\u00f3digo postal: 40803","protected":false},"author":2,"featured_media":0,"parent":0,"menu_order":0,"comment_status":"closed","ping_status":"closed","template":"","meta":{"footnotes":""},"class_list":["post-410","page","type-page","status-publish","hentry"],"_links":{"self":[{"href":"https:\/\/aeroexpress.net\/en\/wp-json\/wp\/v2\/pages\/410","targetHints":{"allow":["GET"]}}],"collection":[{"href":"https:\/\/aeroexpress.net\/en\/wp-json\/wp\/v2\/pages"}],"about":[{"href":"https:\/\/aeroexpress.net\/en\/wp-json\/wp\/v2\/types\/page"}],"author":[{"embeddable":true,"href":"https:\/\/aeroexpress.net\/en\/wp-json\/wp\/v2\/users\/2"}],"replies":[{"embeddable":true,"href":"https:\/\/aeroexpress.net\/en\/wp-json\/wp\/v2\/comments?post=410"}],"version-history":[{"count":21,"href":"https:\/\/aeroexpress.net\/en\/wp-json\/wp\/v2\/pages\/410\/revisions"}],"predecessor-version":[{"id":997,"href":"https:\/\/aeroexpress.net\/en\/wp-json\/wp\/v2\/pages\/410\/revisions\/997"}],"wp:attachment":[{"href":"https:\/\/aeroexpress.net\/en\/wp-json\/wp\/v2\/media?parent=410"}],"curies":[{"name":"wp","href":"https:\/\/api.w.org\/{rel}","templated":true}]}}