{"id":230,"date":"2016-03-09T07:54:16","date_gmt":"2016-03-09T07:54:16","guid":{"rendered":"http:\/\/shtheme.com\/demosd\/logis-cargo\/?page_id=230"},"modified":"2026-03-02T18:03:02","modified_gmt":"2026-03-03T00:03:02","slug":"home","status":"publish","type":"page","link":"https:\/\/aeroexpress.net\/en\/","title":{"rendered":"Home"},"content":{"rendered":"<section class=\"wpb-content-wrapper\"><div data-vc-full-width=\"true\" data-vc-full-width-init=\"false\" data-vc-stretch-content=\"true\" class=\"vc_row wpb_row vc_row-fluid vc_row-no-padding\"><div class=\"wpb_column vc_column_container vc_col-sm-12\"><div class=\"vc_column-inner\"><div class=\"wpb_wrapper\"><div class=\"wpb_revslider_element wpb_content_element\">\n\t\t\t<!-- START Home REVOLUTION SLIDER 6.6.16 --><p class=\"rs-p-wp-fix\"><\/p>\n\t\t\t<rs-module-wrap id=\"rev_slider_3_1_wrapper\" data-source=\"gallery\" style=\"visibility:hidden;background:transparent;padding:0;margin:0px auto;margin-top:0;margin-bottom:0;\">\n\t\t\t\t<rs-module id=\"rev_slider_3_1\" style=\"\" data-version=\"6.6.16\">\n\t\t\t\t\t<rs-slides style=\"overflow: hidden; position: absolute;\">\n\t\t\t\t\t\t<rs-slide style=\"position: absolute;\" data-key=\"rs-11\" data-title=\"Slide\" data-thumb=\"\/\/aeroexpress.net\/wp-content\/uploads\/2023\/12\/4-Aeroexpress-Operacion_0853-scaled-100x50.jpg\" data-anim=\"ms:50;\" data-in=\"o:0;\" data-out=\"a:false;\">\n\t\t\t\t\t\t\t<img decoding=\"async\" src=\"\/\/aeroexpress.net\/wp-content\/plugins\/revslider\/public\/assets\/assets\/dummy.png\" alt=\"\" title=\"Foto: Garrett Britton 4T. www.garrettbritton.comgarrettbg@garrettbritton.com\" width=\"2560\" height=\"1024\" class=\"rev-slidebg tp-rs-img rs-lazyload\" data-lazyload=\"\/\/aeroexpress.net\/wp-content\/uploads\/2023\/12\/4-Aeroexpress-Operacion_0853-scaled.jpg\" data-parallax=\"off\" data-no-retina>\n<!---->\t\t\t\t\t\t<\/rs-slide>\n\t\t\t\t\t\t<rs-slide style=\"position: absolute;\" data-key=\"rs-37\" data-title=\"Slide\" data-thumb=\"\/\/aeroexpress.net\/wp-content\/uploads\/2024\/01\/image1-100x50.png\" data-anim=\"ms:50;\" data-in=\"o:0;\" data-out=\"a:false;\">\n\t\t\t\t\t\t\t<img decoding=\"async\" src=\"\/\/aeroexpress.net\/wp-content\/plugins\/revslider\/public\/assets\/assets\/dummy.png\" alt=\"\" title=\"image(1)\" width=\"3264\" height=\"2448\" class=\"rev-slidebg tp-rs-img rs-lazyload\" data-lazyload=\"\/\/aeroexpress.net\/wp-content\/uploads\/2024\/01\/image1.png\" data-parallax=\"off\" data-no-retina>\n<!---->\t\t\t\t\t\t<\/rs-slide>\n\t\t\t\t\t\t<rs-slide style=\"position: absolute;\" data-key=\"rs-12\" data-title=\"Slide\" data-thumb=\"\/\/aeroexpress.net\/wp-content\/uploads\/2023\/12\/image-100x50.jpg\" data-anim=\"ms:50;\" data-in=\"o:0;\" data-out=\"a:false;\">\n\t\t\t\t\t\t\t<img decoding=\"async\" src=\"\/\/aeroexpress.net\/wp-content\/plugins\/revslider\/public\/assets\/assets\/dummy.png\" alt=\"\" title=\"image\" width=\"1024\" height=\"576\" class=\"rev-slidebg tp-rs-img rs-lazyload\" data-lazyload=\"\/\/aeroexpress.net\/wp-content\/uploads\/2023\/12\/image.jpg\" data-bg=\"p:center bottom;\" data-parallax=\"off\" data-no-retina>\n<!---->\t\t\t\t\t\t<\/rs-slide>\n\t\t\t\t\t\t<rs-slide style=\"position: absolute;\" data-key=\"rs-59\" data-title=\"Slide\" data-thumb=\"\/\/aeroexpress.net\/wp-content\/uploads\/2024\/01\/JK10-100x50.jpg\" data-anim=\"ms:50;\" data-in=\"o:0;\" data-out=\"a:false;\">\n\t\t\t\t\t\t\t<img decoding=\"async\" src=\"\/\/aeroexpress.net\/wp-content\/plugins\/revslider\/public\/assets\/assets\/dummy.png\" alt=\"\" title=\"JK10\" width=\"1024\" height=\"576\" class=\"rev-slidebg tp-rs-img rs-lazyload\" data-lazyload=\"\/\/aeroexpress.net\/wp-content\/uploads\/2024\/01\/JK10.jpg\" data-parallax=\"off\" data-no-retina>\n<!---->\t\t\t\t\t\t<\/rs-slide>\n\t\t\t\t\t\t<rs-slide style=\"position: absolute;\" data-key=\"rs-60\" data-title=\"Slide\" data-thumb=\"\/\/aeroexpress.net\/wp-content\/uploads\/2024\/01\/AM12-100x50.jpg\" data-anim=\"ms:50;\" data-in=\"o:0;\" data-out=\"a:false;\">\n\t\t\t\t\t\t\t<img decoding=\"async\" src=\"\/\/aeroexpress.net\/wp-content\/plugins\/revslider\/public\/assets\/assets\/dummy.png\" alt=\"\" title=\"AM12\" width=\"1024\" height=\"576\" class=\"rev-slidebg tp-rs-img rs-lazyload\" data-lazyload=\"\/\/aeroexpress.net\/wp-content\/uploads\/2024\/01\/AM12.jpg\" data-bg=\"p:center top;\" data-parallax=\"off\" data-no-retina>\n<!---->\t\t\t\t\t\t<\/rs-slide>\n\t\t\t\t\t\t<rs-slide style=\"position: absolute;\" data-key=\"rs-62\" data-title=\"Slide\" data-thumb=\"\/\/aeroexpress.net\/wp-content\/uploads\/2024\/01\/AM8-100x50.jpg\" data-anim=\"ms:50;\" data-in=\"o:0;\" data-out=\"a:false;\">\n\t\t\t\t\t\t\t<img decoding=\"async\" src=\"\/\/aeroexpress.net\/wp-content\/plugins\/revslider\/public\/assets\/assets\/dummy.png\" alt=\"\" title=\"AM8\" width=\"1024\" height=\"576\" class=\"rev-slidebg tp-rs-img rs-lazyload\" data-lazyload=\"\/\/aeroexpress.net\/wp-content\/uploads\/2024\/01\/AM8.jpg\" data-bg=\"p:center top;\" data-parallax=\"off\" data-no-retina>\n<!---->\t\t\t\t\t\t<\/rs-slide>\n\t\t\t\t\t<\/rs-slides>\n\t\t\t\t<\/rs-module>\n\t\t\t\t<script>\n\t\t\t\t\tsetREVStartSize({c: 'rev_slider_3_1',rl:[1240,1024,778,480],el:[600,600,450,450],gw:[1240,1024,778,480],gh:[600,600,450,450],type:'standard',justify:'',layout:'fullwidth',mh:\"0\"});if (window.RS_MODULES!==undefined && window.RS_MODULES.modules!==undefined && window.RS_MODULES.modules[\"revslider31\"]!==undefined) {window.RS_MODULES.modules[\"revslider31\"].once = false;window.revapi3 = undefined;if (window.RS_MODULES.checkMinimal!==undefined) window.RS_MODULES.checkMinimal()}\n\t\t\t\t<\/script>\n\t\t\t<\/rs-module-wrap>\n\t\t\t<!-- END REVOLUTION SLIDER -->\n<\/div><\/div><\/div><\/div><\/div><div class=\"vc_row-full-width vc_clearfix\"><\/div><div data-vc-full-width=\"true\" data-vc-full-width-init=\"false\" class=\"vc_row wpb_row vc_row-fluid vc_custom_1461050652148 vc_row-has-fill\"><div class=\"wpb_column vc_column_container vc_col-sm-12\"><div class=\"vc_column-inner\"><div class=\"wpb_wrapper\"><div class=\"vc_empty_space\"   style=\"height: 25px\"><span class=\"vc_empty_space_inner\"><\/span><\/div><div class=\"vc_row wpb_row vc_inner vc_row-fluid\"><div class=\"wpb_column vc_column_container vc_col-sm-12\"><div class=\"vc_column-inner\"><div class=\"wpb_wrapper\"> \r\n    <div class=\"welcome-single-services\">\r\n        <div class=\"img-box\">\r\n            <img decoding=\"async\" src=\"https:\/\/aeroexpress.net\/wp-content\/uploads\/2023\/12\/4-Aeroexpress-Operacion_0853-scaled.jpg\" alt=\"\">\r\n        <\/div>\r\n        <div class=\"text-box\">\r\n            <div class=\"content\">\r\n                <h3>Representaci\u00f3n, ventas y manejo de carga A\u00e9rea para aerol\u00edneas.<\/h3>\r\n                <p><\/p>\r\n                            <\/div>\r\n        <\/div>\r\n    <\/div>\r\n\r\n \r\n    <div class=\"welcome-single-services\">\r\n        <div class=\"img-box\">\r\n            <img decoding=\"async\" src=\"https:\/\/aeroexpress.net\/wp-content\/uploads\/2024\/01\/image-1.png\" alt=\"\">\r\n        <\/div>\r\n        <div class=\"text-box\">\r\n            <div class=\"content\">\r\n                <h3>Seguimiento de su gu\u00eda a\u00e9rea para conocer el estatus de su embarque.<\/h3>\r\n                <p><\/p>\r\n                            <\/div>\r\n        <\/div>\r\n    <\/div>\r\n\r\n \r\n    <div class=\"welcome-single-services\">\r\n        <div class=\"img-box\">\r\n            <img decoding=\"async\" src=\"https:\/\/aeroexpress.net\/wp-content\/uploads\/2024\/01\/AM12.jpg\" alt=\"\">\r\n        <\/div>\r\n        <div class=\"text-box\">\r\n            <div class=\"content\">\r\n                <h3>Administraci\u00f3n de los servicios de carga a\u00e9rea en Centro Am\u00e9rica como C.G.S.A. y C.G.H.A.<\/h3>\r\n                <p><\/p>\r\n                            <\/div>\r\n        <\/div>\r\n    <\/div>\r\n\r\n<\/div><\/div><\/div><\/div><div class=\"vc_empty_space\"   style=\"height: 80px\"><span class=\"vc_empty_space_inner\"><\/span><\/div><\/div><\/div><\/div><\/div><div class=\"vc_row-full-width vc_clearfix\"><\/div><div data-vc-full-width=\"true\" data-vc-full-width-init=\"false\" data-vc-stretch-content=\"true\" class=\"vc_row wpb_row vc_row-fluid welcome-serviceshome-one\"><div class=\"wpb_column vc_column_container vc_col-sm-12\"><div class=\"vc_column-inner\"><div class=\"wpb_wrapper\"><div class=\"vc_empty_space\"   style=\"height: 80px\"><span class=\"vc_empty_space_inner\"><\/span><\/div><div class=\"vc_row wpb_row vc_inner vc_row-fluid\"><div class=\"wpb_column vc_column_container vc_col-sm-2\"><div class=\"vc_column-inner\"><div class=\"wpb_wrapper\"><\/div><\/div><\/div><div class=\"wpb_column vc_column_container vc_col-sm-4\"><div class=\"vc_column-inner\"><div class=\"wpb_wrapper\">\n<div class=\"sec-title \">\n         <h2><span style=\"\">Nuestras Ventajas<\/span><\/h2>\n        <\/div><div class=\"vc_empty_space\"   style=\"height: 12px\"><span class=\"vc_empty_space_inner\"><\/span><\/div>\n\t<div  class=\"wpb_single_image wpb_content_element vc_align_left\">\n\t\t\n\t\t<figure class=\"wpb_wrapper vc_figure\">\n\t\t\t<div class=\"vc_single_image-wrapper   vc_box_border_grey\"><img loading=\"lazy\" decoding=\"async\" class=\"vc_single_image-img \" src=\"https:\/\/aeroexpress.net\/wp-content\/uploads\/2024\/01\/image2.png\" width=\"347\" height=\"291\" alt=\"image(2)\" title=\"image(2)\" \/><\/div>\n\t\t<\/figure>\n\t<\/div>\n<\/div><\/div><\/div><div class=\"wpb_column vc_column_container vc_col-sm-4\"><div class=\"vc_column-inner\"><div class=\"wpb_wrapper\">    <div class=\"single-featured-service\">\r\n        <header>\r\n            <div class=\"icon-box\">\r\n                <i class=\"fa fa-plane\"><\/i>\r\n            <\/div>\r\n            <div class=\"title-box\">\r\n                <h3><span>Tarifas<\/span><\/h3>\r\n            <\/div>                      \r\n        <\/header>\r\n        <article>\r\n            <p>Representaci\u00f3n, ventas y manejo de carga A\u00e9rea para aerol\u00edneas.<\/p>\r\n                       <\/article>\r\n    <\/div>\r\n\r\n\r\n    <div class=\"single-featured-service\">\r\n        <header>\r\n            <div class=\"icon-box\">\r\n                <i class=\"fa fa-users\"><\/i>\r\n            <\/div>\r\n            <div class=\"title-box\">\r\n                <h3><span>Recurso Humano<\/span><\/h3>\r\n            <\/div>                      \r\n        <\/header>\r\n        <article>\r\n            <p>Contamos con personal altamente calificado y con amplia experiencia en el servicio de carga a\u00e9rea.<\/p>\r\n                       <\/article>\r\n    <\/div>\r\n\r\n\r\n    <div class=\"single-featured-service\">\r\n        <header>\r\n            <div class=\"icon-box\">\r\n                <i class=\"fa fa-user-secret\"><\/i>\r\n            <\/div>\r\n            <div class=\"title-box\">\r\n                <h3><span>Experiencia<\/span><\/h3>\r\n            <\/div>                      \r\n        <\/header>\r\n        <article>\r\n            <p>Desde 1996 el servicio a nuestros clientes nos ha permitido consolidar y satisfacer una gran cartera de clientes de Centroam\u00e9rica.<\/p>\r\n                       <\/article>\r\n    <\/div>\r\n\r\n\r\n    <div class=\"single-featured-service\">\r\n        <header>\r\n            <div class=\"icon-box\">\r\n                <i class=\"fa fa-laptop\"><\/i>\r\n            <\/div>\r\n            <div class=\"title-box\">\r\n                <h3><span>Software A\u00e9reo<\/span><\/h3>\r\n            <\/div>                      \r\n        <\/header>\r\n        <article>\r\n            <p>Software especializado para el manejo y control de la informaci\u00f3n en l\u00ednea y generar estad\u00edsticas requeridas en el negocio.<\/p>\r\n                       <\/article>\r\n    <\/div>\r\n\r\n\r\n<\/div><\/div><\/div><\/div><div class=\"vc_empty_space\"   style=\"height: 40px\"><span class=\"vc_empty_space_inner\"><\/span><\/div><\/div><\/div><\/div><\/div><div class=\"vc_row-full-width vc_clearfix\"><\/div><div data-vc-full-width=\"true\" data-vc-full-width-init=\"false\" class=\"vc_row wpb_row vc_row-fluid featured-services style-two vc_custom_1461220036758 vc_row-has-fill\"><div class=\"wpb_column vc_column_container vc_col-sm-4\"><div class=\"vc_column-inner\"><div class=\"wpb_wrapper\"><div class=\"vc_empty_space\"   style=\"height: 12px\"><span class=\"vc_empty_space_inner\"><\/span><\/div>\n\t<div  class=\"wpb_single_image wpb_content_element vc_align_left\">\n\t\t\n\t\t<figure class=\"wpb_wrapper vc_figure\">\n\t\t\t<div class=\"vc_single_image-wrapper   vc_box_border_grey\"><img loading=\"lazy\" decoding=\"async\" class=\"vc_single_image-img \" src=\"https:\/\/aeroexpress.net\/wp-content\/uploads\/2025\/12\/Aeroexpress-high-resultion-file-PhotoRoom-1small.png\" width=\"320\" height=\"178\" alt=\"Aeroexpress-high-resultion-file-PhotoRoom-1small\" title=\"Aeroexpress-high-resultion-file-PhotoRoom-1small\" \/><\/div>\n\t\t<\/figure>\n\t<\/div>\n<\/div><\/div><\/div><div class=\"wpb_column vc_column_container vc_col-sm-8\"><div class=\"vc_column-inner\"><div class=\"wpb_wrapper\"><div class=\"vc_row wpb_row vc_inner vc_row-fluid\"><div class=\"wpb_column vc_column_container vc_col-sm-6\"><div class=\"vc_column-inner\"><div class=\"wpb_wrapper\">    <div class=\"single-featured-service\">\r\n        <header>\r\n            <div class=\"icon-box\">\r\n                <i class=\"flaticon-commercial15\"><\/i>\r\n            <\/div>\r\n            <div class=\"title-box\">\r\n                <h3><span>Log\u00edstica<\/span><\/h3>\r\n            <\/div>                      \r\n        <\/header>\r\n        <article>\r\n            <p>Ofrecemos diferentes servicios que van desde asesoramiento, reservas, seguimiento de env\u00edos y transporte de Carga A\u00e9rea a cualquier ciudad del mundo.<\/p>\r\n                       <\/article>\r\n    <\/div>\r\n\r\n\r\n    <div class=\"single-featured-service\">\r\n        <header>\r\n            <div class=\"icon-box\">\r\n                <i class=\"flaticon-airplane68\"><\/i>\r\n            <\/div>\r\n            <div class=\"title-box\">\r\n                <h3><span>Llegar a Cualquier Lugar<\/span><\/h3>\r\n            <\/div>                      \r\n        <\/header>\r\n        <article>\r\n            <p><\/p>\r\n                       <\/article>\r\n    <\/div>\r\n\r\n\r\n<\/div><\/div><\/div><div class=\"wpb_column vc_column_container vc_col-sm-6\"><div class=\"vc_column-inner\"><div class=\"wpb_wrapper\">    <div class=\"single-featured-service\">\r\n        <header>\r\n            <div class=\"icon-box\">\r\n                <i class=\"flaticon-woman93\"><\/i>\r\n            <\/div>\r\n            <div class=\"title-box\">\r\n                <h3><span>SERVICIO AL CLIENTE<\/span><\/h3>\r\n            <\/div>                      \r\n        <\/header>\r\n        <article>\r\n            <p>En AeroExpress tenemos recursos humanos altamente calificados que brindar\u00e1n un seguimiento adecuado a cada una de sus necesidades.<\/p>\r\n                       <\/article>\r\n    <\/div>\r\n\r\n\r\n    <div class=\"single-featured-service\">\r\n        <header>\r\n            <div class=\"icon-box\">\r\n                <i class=\"flaticon-delivery18\"><\/i>\r\n            <\/div>\r\n            <div class=\"title-box\">\r\n                <h3><span>Seguimiento de Mercanc\u00edas<\/span><\/h3>\r\n            <\/div>                      \r\n        <\/header>\r\n        <article>\r\n            <p>Le proporcionamos seguimiento del progreso del transporte de mercanc\u00edas.<\/p>\r\n                       <\/article>\r\n    <\/div>\r\n\r\n\r\n<\/div><\/div><\/div><\/div><\/div><\/div><\/div><\/div><div class=\"vc_row-full-width vc_clearfix\"><\/div><div data-vc-full-width=\"true\" data-vc-full-width-init=\"false\" class=\"vc_row wpb_row vc_row-fluid tt-has-overlay tt-bg-fixed vc_custom_1703784325041 vc_row-has-fill\"><div class=\"wpb_column vc_column_container vc_col-sm-12\"><div class=\"vc_column-inner\"><div class=\"wpb_wrapper\"><div class=\"vc_row wpb_row vc_inner vc_row-fluid\"><div class=\"wpb_column vc_column_container vc_col-sm-6\"><div class=\"vc_column-inner\"><div class=\"wpb_wrapper\"><div class=\"vc_empty_space\"   style=\"height: 45px\"><span class=\"vc_empty_space_inner\"><\/span><\/div>\n<div class=\"sec-title \">\n         <h2><span style=\"color: #ffffff;\">SOLICITAR COTIZACI\u00d3N<\/span><\/h2>\n                <p>D\u00e9janos un mensaje. Con gusto te atenderemos.<\/p>\n    <\/div>\n<div class=\"wpcf7 no-js\" id=\"wpcf7-f594-o1\" lang=\"en-US\" dir=\"ltr\" data-wpcf7-id=\"594\">\n<div class=\"screen-reader-response\"><p role=\"status\" aria-live=\"polite\" aria-atomic=\"true\"><\/p> <ul><\/ul><\/div>\n<form action=\"\/en\/wp-json\/wp\/v2\/pages\/230#wpcf7-f594-o1\" method=\"post\" class=\"wpcf7-form init\" aria-label=\"Contact form\" novalidate=\"novalidate\" data-status=\"init\">\n<fieldset class=\"hidden-fields-container\"><input type=\"hidden\" name=\"_wpcf7\" value=\"594\" \/><input type=\"hidden\" name=\"_wpcf7_version\" value=\"6.1.5\" \/><input type=\"hidden\" name=\"_wpcf7_locale\" value=\"en_US\" \/><input type=\"hidden\" name=\"_wpcf7_unit_tag\" value=\"wpcf7-f594-o1\" \/><input type=\"hidden\" name=\"_wpcf7_container_post\" value=\"0\" \/><input type=\"hidden\" name=\"_wpcf7_posted_data_hash\" value=\"\" \/><input type=\"hidden\" name=\"_wpcf7_recaptcha_response\" value=\"\" \/>\n<\/fieldset>\n<div class=\"contact-form contact-page\" >\n\t<p><span class=\"wpcf7-form-control-wrap\" data-name=\"your-name\"><input size=\"40\" maxlength=\"400\" class=\"wpcf7-form-control wpcf7-text wpcf7-validates-as-required\" aria-required=\"true\" aria-invalid=\"false\" placeholder=\"Nombre Completo\" value=\"\" type=\"text\" name=\"your-name\" \/><\/span>\n\t<\/p>\n\t<p><span class=\"wpcf7-form-control-wrap\" data-name=\"your-phone\"><input size=\"40\" maxlength=\"400\" class=\"wpcf7-form-control wpcf7-tel wpcf7-validates-as-required wpcf7-text wpcf7-validates-as-tel\" aria-required=\"true\" aria-invalid=\"false\" placeholder=\"N\u00famero de Tel\u00e9fono\" value=\"\" type=\"tel\" name=\"your-phone\" \/><\/span>\n\t<\/p>\n\t<p><span class=\"wpcf7-form-control-wrap\" data-name=\"your-email\"><input size=\"40\" maxlength=\"400\" class=\"wpcf7-form-control wpcf7-email wpcf7-validates-as-required wpcf7-text wpcf7-validates-as-email\" aria-required=\"true\" aria-invalid=\"false\" placeholder=\"Email\" value=\"\" type=\"email\" name=\"your-email\" \/><\/span>\n\t<\/p>\n\t<p><span class=\"wpcf7-form-control-wrap\" data-name=\"your-subject\"><input size=\"40\" maxlength=\"400\" class=\"wpcf7-form-control wpcf7-text wpcf7-validates-as-required\" aria-required=\"true\" aria-invalid=\"false\" placeholder=\"Asunto\" value=\"\" type=\"text\" name=\"your-subject\" \/><\/span>\n\t<\/p>\n\t<p><span class=\"wpcf7-form-control-wrap\" data-name=\"your-message\"><textarea cols=\"40\" rows=\"10\" maxlength=\"2000\" class=\"wpcf7-form-control wpcf7-textarea\" aria-invalid=\"false\" placeholder=\"Mensaje\" name=\"your-message\"><\/textarea><\/span>\n\t<\/p>\n\t<div class=\"cfform-submit\">\n\t\t<p><input class=\"wpcf7-form-control wpcf7-submit has-spinner\" type=\"submit\" value=\"Enviar Mensaje\" \/>\n\t\t<\/p>\n\t<\/div>\n<\/div><div class=\"wpcf7-response-output\" aria-hidden=\"true\"><\/div>\n<\/form>\n<\/div>\n<div class=\"vc_empty_space\"   style=\"height: 45px\"><span class=\"vc_empty_space_inner\"><\/span><\/div><\/div><\/div><\/div><div class=\"wpb_column vc_column_container vc_col-sm-6\"><div class=\"vc_column-inner\"><div class=\"wpb_wrapper\"><div class=\"vc_empty_space\"   style=\"height: 45px\"><span class=\"vc_empty_space_inner\"><\/span><\/div><\/div><\/div><\/div><\/div><\/div><\/div><\/div><\/div><div class=\"vc_row-full-width vc_clearfix\"><\/div><div data-vc-full-width=\"true\" data-vc-full-width-init=\"false\" class=\"vc_row wpb_row vc_row-fluid tt-has-overlay tt-bg-fixed vc_custom_1705942440191 vc_row-has-fill\"><div class=\"wpb_column vc_column_container vc_col-sm-12\"><div class=\"vc_column-inner\"><div class=\"wpb_wrapper\">\n<div class=\"sec-title \">\n         <h2><span style=\"color: #ffffff;\">A\u00f1os de Experiencia<\/span><\/h2>\n        <\/div><div class=\"vc_empty_space\"   style=\"height: 35px\"><span class=\"vc_empty_space_inner\"><\/span><\/div><div class=\"vc_row wpb_row vc_inner vc_row-fluid\"><div class=\"wpb_column vc_column_container vc_col-sm-1\/5\"><div class=\"vc_column-inner\"><div class=\"wpb_wrapper\"> \r\n    <div class=\"single-fact-counter\">\r\n        <div class=\"icon-box\">\r\n            <i class=\"icon icon-Plaine\"><\/i>\r\n        <\/div>\r\n        <div class=\"text-box\">\r\n            <h4 class=\"timer\" data-from=\"0\" data-to=\"28\"><\/h4>\r\n            <p>Aerom\u00e9xico<\/p>\r\n        <\/div>\r\n    <\/div>\r\n\r\n\r\n<\/div><\/div><\/div><div class=\"wpb_column vc_column_container vc_col-sm-1\/5\"><div class=\"vc_column-inner\"><div class=\"wpb_wrapper\"> \r\n    <div class=\"single-fact-counter\">\r\n        <div class=\"icon-box\">\r\n            <i class=\"icon icon-Plaine\"><\/i>\r\n        <\/div>\r\n        <div class=\"text-box\">\r\n            <h4 class=\"timer\" data-from=\"0\" data-to=\"11\"><\/h4>\r\n            <p>Cathay<\/p>\r\n        <\/div>\r\n    <\/div>\r\n\r\n\r\n<\/div><\/div><\/div><div class=\"wpb_column vc_column_container vc_col-sm-1\/5\"><div class=\"vc_column-inner\"><div class=\"wpb_wrapper\"> \r\n    <div class=\"single-fact-counter\">\r\n        <div class=\"icon-box\">\r\n            <i class=\"icon icon-Plaine\"><\/i>\r\n        <\/div>\r\n        <div class=\"text-box\">\r\n            <h4 class=\"timer\" data-from=\"0\" data-to=\"12\"><\/h4>\r\n            <p>Transcarga<\/p>\r\n        <\/div>\r\n    <\/div>\r\n\r\n\r\n<\/div><\/div><\/div><div class=\"wpb_column vc_column_container vc_col-sm-1\/5\"><div class=\"vc_column-inner\"><div class=\"wpb_wrapper\"> \r\n    <div class=\"single-fact-counter\">\r\n        <div class=\"icon-box\">\r\n            <i class=\"icon icon-Plaine\"><\/i>\r\n        <\/div>\r\n        <div class=\"text-box\">\r\n            <h4 class=\"timer\" data-from=\"0\" data-to=\"14\"><\/h4>\r\n            <p>United Airlines<\/p>\r\n        <\/div>\r\n    <\/div>\r\n\r\n\r\n<\/div><\/div><\/div><div class=\"wpb_column vc_column_container vc_col-sm-1\/5\"><div class=\"vc_column-inner\"><div class=\"wpb_wrapper\"> \r\n    <div class=\"single-fact-counter\">\r\n        <div class=\"icon-box\">\r\n            <i class=\"icon icon-Plaine\"><\/i>\r\n        <\/div>\r\n        <div class=\"text-box\">\r\n            <h4 class=\"timer\" data-from=\"0\" data-to=\"6\"><\/h4>\r\n            <p>AerCaribe<\/p>\r\n        <\/div>\r\n    <\/div>\r\n\r\n\r\n<\/div><\/div><\/div><\/div><div class=\"vc_empty_space\"   style=\"height: 80px\"><span class=\"vc_empty_space_inner\"><\/span><\/div><div class=\"vc_row wpb_row vc_inner vc_row-fluid\"><div class=\"wpb_column vc_column_container vc_col-sm-3\"><div class=\"vc_column-inner\"><div class=\"wpb_wrapper\"> \r\n    <div class=\"single-fact-counter\">\r\n        <div class=\"icon-box\">\r\n            <i class=\"icon icon-Plaine\"><\/i>\r\n        <\/div>\r\n        <div class=\"text-box\">\r\n            <h4 class=\"timer\" data-from=\"0\" data-to=\"1\"><\/h4>\r\n            <p>Volaris<\/p>\r\n        <\/div>\r\n    <\/div>\r\n\r\n\r\n<\/div><\/div><\/div><div class=\"wpb_column vc_column_container vc_col-sm-3\"><div class=\"vc_column-inner\"><div class=\"wpb_wrapper\"> \r\n    <div class=\"single-fact-counter\">\r\n        <div class=\"icon-box\">\r\n            <i class=\"icon icon-Plaine\"><\/i>\r\n        <\/div>\r\n        <div class=\"text-box\">\r\n            <h4 class=\"timer\" data-from=\"0\" data-to=\"8\"><\/h4>\r\n            <p>Charter Line<\/p>\r\n        <\/div>\r\n    <\/div>\r\n\r\n\r\n<\/div><\/div><\/div><div class=\"wpb_column vc_column_container vc_col-sm-3\"><div class=\"vc_column-inner\"><div class=\"wpb_wrapper\"> \r\n    <div class=\"single-fact-counter\">\r\n        <div class=\"icon-box\">\r\n            <i class=\"icon icon-Plaine\"><\/i>\r\n        <\/div>\r\n        <div class=\"text-box\">\r\n            <h4 class=\"timer\" data-from=\"0\" data-to=\"3\"><\/h4>\r\n            <p>Qatar Air<\/p>\r\n        <\/div>\r\n    <\/div>\r\n\r\n\r\n<\/div><\/div><\/div><div class=\"wpb_column vc_column_container vc_col-sm-3\"><div class=\"vc_column-inner\"><div class=\"wpb_wrapper\"> \r\n    <div class=\"single-fact-counter\">\r\n        <div class=\"icon-box\">\r\n            <i class=\"icon icon-Plaine\"><\/i>\r\n        <\/div>\r\n        <div class=\"text-box\">\r\n            <h4 class=\"timer\" data-from=\"0\" data-to=\"1\"><\/h4>\r\n            <p>Cargo Three<\/p>\r\n        <\/div>\r\n    <\/div>\r\n\r\n\r\n<\/div><\/div><\/div><\/div><div class=\"vc_empty_space\"   style=\"height: 80px\"><span class=\"vc_empty_space_inner\"><\/span><\/div><\/div><\/div><\/div><div class=\"wpb_column vc_column_container vc_col-sm-12\"><div class=\"vc_column-inner\"><div class=\"wpb_wrapper\"><\/div><\/div><\/div><\/div><div class=\"vc_row-full-width vc_clearfix\"><\/div>\n<\/section>","protected":false},"excerpt":{"rendered":"Representaci\u00f3n, ventas y manejo de carga A\u00e9rea para aerol\u00edneas. Seguimiento de su gu\u00eda a\u00e9rea para conocer el estatus de su embarque. Administraci\u00f3n de los servicios de carga a\u00e9rea en Centro Am\u00e9rica como C.G.S.A. y C.G.H.A. Nuestras Ventajas Tarifas Representaci\u00f3n, ventas y manejo de carga A\u00e9rea para aerol\u00edneas. Recurso Humano Contamos con personal altamente calificado y [...]","protected":false},"author":2,"featured_media":0,"parent":0,"menu_order":0,"comment_status":"closed","ping_status":"closed","template":"","meta":{"footnotes":""},"class_list":["post-230","page","type-page","status-publish","hentry"],"_links":{"self":[{"href":"https:\/\/aeroexpress.net\/en\/wp-json\/wp\/v2\/pages\/230","targetHints":{"allow":["GET"]}}],"collection":[{"href":"https:\/\/aeroexpress.net\/en\/wp-json\/wp\/v2\/pages"}],"about":[{"href":"https:\/\/aeroexpress.net\/en\/wp-json\/wp\/v2\/types\/page"}],"author":[{"embeddable":true,"href":"https:\/\/aeroexpress.net\/en\/wp-json\/wp\/v2\/users\/2"}],"replies":[{"embeddable":true,"href":"https:\/\/aeroexpress.net\/en\/wp-json\/wp\/v2\/comments?post=230"}],"version-history":[{"count":0,"href":"https:\/\/aeroexpress.net\/en\/wp-json\/wp\/v2\/pages\/230\/revisions"}],"wp:attachment":[{"href":"https:\/\/aeroexpress.net\/en\/wp-json\/wp\/v2\/media?parent=230"}],"curies":[{"name":"wp","href":"https:\/\/api.w.org\/{rel}","templated":true}]}}