{"id":149,"date":"2016-02-05T01:02:18","date_gmt":"2016-02-05T01:02:18","guid":{"rendered":"http:\/\/shtheme.com\/demosd\/logis-cargo\/?page_id=149"},"modified":"2026-02-10T18:02:04","modified_gmt":"2026-02-11T00:02:04","slug":"clientes","status":"publish","type":"page","link":"https:\/\/aeroexpress.net\/en\/clientes\/","title":{"rendered":"Customers"},"content":{"rendered":"<section class=\"wpb-content-wrapper\"><div class=\"vc_row wpb_row vc_row-fluid\"><div class=\"wpb_column vc_column_container vc_col-sm-12\"><div class=\"vc_column-inner\"><div class=\"wpb_wrapper\">\n<div class=\"sec-title\">\n         <h2><span style=\"\">We offer different services<\/span><\/h2>\n        <\/div><div class=\"vc_empty_space\"   style=\"height: 30px\"><span class=\"vc_empty_space_inner\"><\/span><\/div><\/div><\/div><\/div><\/div><div data-vc-full-width=\"true\" data-vc-full-width-init=\"false\" class=\"vc_row wpb_row vc_row-fluid vc_custom_1461256324979 vc_row-has-fill\"><div class=\"wpb_column vc_column_container vc_col-sm-12\"><div class=\"vc_column-inner\"><div class=\"wpb_wrapper\"><div class=\"vc_empty_space\"   style=\"height: 45px\"><span class=\"vc_empty_space_inner\"><\/span><\/div><section class=\"type3 services-section sec-padding\">\r\n\t<div class=\"thm-container\">\r\n\t\t<div class=\"row\">\r\n\t\t\t\t\t\t<div class=\"col-md-4 col-sm-6\">\r\n\t\t\t\t<div class=\"single-services img-cap-effect\">\r\n\t\t\t\t\t<div class=\"img-box\">\r\n\t\t\t\t\t\t<img decoding=\"async\" src=\"\" alt=\"Awesome Image\"\/>\r\n\t\t\t\t\t\t<div class=\"img-caption\">\r\n\t\t\t\t\t\t\t<div class=\"box-holder\">\r\n\t\t\t\t\t\t\t<\/div>\r\n\t\t\t\t\t\t<\/div>\r\n\t\t\t\t\t<\/div>\r\n\t\t\t\t\t<h3><span>TRANSPORT<\/span><\/h3>\r\n                                                    <p>Advice, reservations, shipment monitoring and Air Cargo transportation to any city in the World.<\/p>\r\n                        \t\t\t\t\t<a href=\"https:\/\/aeroexpress.net\/en\/tt-service\/transporte\/\">Read More<i class=\"fa fa-long-arrow-right\"><\/i><\/a>\r\n\t\t\t\t<\/div>\r\n\t\t\t<\/div>\r\n\t\t\t\t\t\t<div class=\"col-md-4 col-sm-6\">\r\n\t\t\t\t<div class=\"single-services img-cap-effect\">\r\n\t\t\t\t\t<div class=\"img-box\">\r\n\t\t\t\t\t\t<img decoding=\"async\" src=\"https:\/\/aeroexpress.net\/wp-content\/uploads\/2016\/02\/2-4.jpg\" alt=\"Awesome Image\"\/>\r\n\t\t\t\t\t\t<div class=\"img-caption\">\r\n\t\t\t\t\t\t\t<div class=\"box-holder\">\r\n\t\t\t\t\t\t\t<\/div>\r\n\t\t\t\t\t\t<\/div>\r\n\t\t\t\t\t<\/div>\r\n\t\t\t\t\t<h3><span>AIRCRAFT ATTENTION<\/span><\/h3>\r\n                                                    <p>Permits for charter flights, supervision and cargo management for Flights, as well as Tax and Legal advice.<\/p>\r\n                        \t\t\t\t\t<a href=\"https:\/\/aeroexpress.net\/en\/tt-service\/atencion-de-aeronaves\/\">Read More<i class=\"fa fa-long-arrow-right\"><\/i><\/a>\r\n\t\t\t\t<\/div>\r\n\t\t\t<\/div>\r\n\t\t\t\t\t\t<div class=\"col-md-4 col-sm-6\">\r\n\t\t\t\t<div class=\"single-services img-cap-effect\">\r\n\t\t\t\t\t<div class=\"img-box\">\r\n\t\t\t\t\t\t<img decoding=\"async\" src=\"\" alt=\"Awesome Image\"\/>\r\n\t\t\t\t\t\t<div class=\"img-caption\">\r\n\t\t\t\t\t\t\t<div class=\"box-holder\">\r\n\t\t\t\t\t\t\t<\/div>\r\n\t\t\t\t\t\t<\/div>\r\n\t\t\t\t\t<\/div>\r\n\t\t\t\t\t<h3><span>LOAD TERMINAL<\/span><\/h3>\r\n                                                    <p>Refrigeration chambers, security for each shipment, as well as control, documentation and management of export and import cargo.<\/p>\r\n                        \t\t\t\t\t<a href=\"https:\/\/aeroexpress.net\/en\/tt-service\/terminal-de-carga\/\">Read More<i class=\"fa fa-long-arrow-right\"><\/i><\/a>\r\n\t\t\t\t<\/div>\r\n\t\t\t<\/div>\r\n\t\t\t\t\t\t<div class=\"col-md-4 col-sm-6\">\r\n\t\t\t\t<div class=\"single-services img-cap-effect\">\r\n\t\t\t\t\t<div class=\"img-box\">\r\n\t\t\t\t\t\t<img decoding=\"async\" src=\"\" alt=\"Awesome Image\"\/>\r\n\t\t\t\t\t\t<div class=\"img-caption\">\r\n\t\t\t\t\t\t\t<div class=\"box-holder\">\r\n\t\t\t\t\t\t\t<\/div>\r\n\t\t\t\t\t\t<\/div>\r\n\t\t\t\t\t<\/div>\r\n\t\t\t\t\t<h3><span>CUSTOMER SERVICE<\/span><\/h3>\r\n                                                    <p>Highly qualified human resources that will provide adequate follow-up to each of your needs.<\/p>\r\n                        \t\t\t\t\t<a href=\"https:\/\/aeroexpress.net\/en\/tt-service\/servicio-al-cliente\/\">Read More<i class=\"fa fa-long-arrow-right\"><\/i><\/a>\r\n\t\t\t\t<\/div>\r\n\t\t\t<\/div>\r\n\t\t\t\t\t\t<div class=\"col-md-4 col-sm-6\">\r\n\t\t\t\t<div class=\"single-services img-cap-effect\">\r\n\t\t\t\t\t<div class=\"img-box\">\r\n\t\t\t\t\t\t<img decoding=\"async\" src=\"https:\/\/aeroexpress.net\/wp-content\/uploads\/2016\/02\/3-4.jpg\" alt=\"Awesome Image\"\/>\r\n\t\t\t\t\t\t<div class=\"img-caption\">\r\n\t\t\t\t\t\t\t<div class=\"box-holder\">\r\n\t\t\t\t\t\t\t<\/div>\r\n\t\t\t\t\t\t<\/div>\r\n\t\t\t\t\t<\/div>\r\n\t\t\t\t\t<h3><span>SHIPMENTS<\/span><\/h3>\r\n                                                    <p>Specialized service according to the need for transportation for shipment: Live animals, Restricted items, Perishables, Temperature-controlled medications, oversized loads, among others.<\/p>\r\n                        \t\t\t\t\t<a href=\"https:\/\/aeroexpress.net\/en\/tt-service\/embarques\/\">Read More<i class=\"fa fa-long-arrow-right\"><\/i><\/a>\r\n\t\t\t\t<\/div>\r\n\t\t\t<\/div>\r\n\t\t\t\t\t\t<div class=\"col-md-4 col-sm-6\">\r\n\t\t\t\t<div class=\"single-services img-cap-effect\">\r\n\t\t\t\t\t<div class=\"img-box\">\r\n\t\t\t\t\t\t<img decoding=\"async\" src=\"\" alt=\"Awesome Image\"\/>\r\n\t\t\t\t\t\t<div class=\"img-caption\">\r\n\t\t\t\t\t\t\t<div class=\"box-holder\">\r\n\t\t\t\t\t\t\t<\/div>\r\n\t\t\t\t\t\t<\/div>\r\n\t\t\t\t\t<\/div>\r\n\t\t\t\t\t<h3><span>INFORMATION SYSTEMS<\/span><\/h3>\r\n                                                    <p>We have specialized systems, with which we control online information for Customs and likewise the airline.<\/p>\r\n                        \t\t\t\t\t<a href=\"https:\/\/aeroexpress.net\/en\/tt-service\/sistemas-de-informacion\/\">Read More<i class=\"fa fa-long-arrow-right\"><\/i><\/a>\r\n\t\t\t\t<\/div>\r\n\t\t\t<\/div>\r\n\t\t\t\r\n\r\n\t\t<\/div>\r\n\t<\/div>\r\n<\/section>\r\n\r\n\r\n<\/div><\/div><\/div><\/div><div class=\"vc_row-full-width vc_clearfix\"><\/div><div data-vc-full-width=\"true\" data-vc-full-width-init=\"false\" class=\"vc_row wpb_row vc_row-fluid tt-has-overlay tt-bg-fixed vc_custom_1703775380739 vc_row-has-fill\"><div class=\"wpb_column vc_column_container vc_col-sm-12\"><div class=\"vc_column-inner\"><div class=\"wpb_wrapper\"><div class=\"vc_empty_space\"   style=\"height: 35px\"><span class=\"vc_empty_space_inner\"><\/span><\/div><div class=\"vc_row wpb_row vc_inner vc_row-fluid\"><div class=\"wpb_column vc_column_container vc_col-sm-3\"><div class=\"vc_column-inner\"><div class=\"wpb_wrapper\"> \r\n    <div class=\"single-fact-counter\">\r\n        <div class=\"icon-box\">\r\n            <i class=\"icon icon-Plaine\"><\/i>\r\n        <\/div>\r\n        <div class=\"text-box\">\r\n            <h4 class=\"timer\" data-from=\"0\" data-to=\"7\"><\/h4>\r\n            <p>Airlines<\/p>\r\n        <\/div>\r\n    <\/div>\r\n\r\n\r\n<\/div><\/div><\/div><div class=\"wpb_column vc_column_container vc_col-sm-3\"><div class=\"vc_column-inner\"><div class=\"wpb_wrapper\"> \r\n    <div class=\"single-fact-counter\">\r\n        <div class=\"icon-box\">\r\n            <i class=\"icon icon-User\"><\/i>\r\n        <\/div>\r\n        <div class=\"text-box\">\r\n            <h4 class=\"timer\" data-from=\"0\" data-to=\"55\"><\/h4>\r\n            <p>Collaborators<\/p>\r\n        <\/div>\r\n    <\/div>\r\n\r\n\r\n<\/div><\/div><\/div><div class=\"wpb_column vc_column_container vc_col-sm-3\"><div class=\"vc_column-inner\"><div class=\"wpb_wrapper\"> \r\n    <div class=\"single-fact-counter\">\r\n        <div class=\"icon-box\">\r\n            <i class=\"icon icon-WorldGlobe\"><\/i>\r\n        <\/div>\r\n        <div class=\"text-box\">\r\n            <h4 class=\"timer\" data-from=\"0\" data-to=\"6\"><\/h4>\r\n            <p>Cities<\/p>\r\n        <\/div>\r\n    <\/div>\r\n\r\n\r\n<\/div><\/div><\/div><div class=\"wpb_column vc_column_container vc_col-sm-3\"><div class=\"vc_column-inner\"><div class=\"wpb_wrapper\"> \r\n    <div class=\"single-fact-counter\">\r\n        <div class=\"icon-box\">\r\n            <i class=\"icon icon-Time\"><\/i>\r\n        <\/div>\r\n        <div class=\"text-box\">\r\n            <h4 class=\"timer\" data-from=\"0\" data-to=\"22\"><\/h4>\r\n            <p>Years of experience<\/p>\r\n        <\/div>\r\n    <\/div>\r\n\r\n\r\n<\/div><\/div><\/div><\/div><div class=\"vc_empty_space\"   style=\"height: 80px\"><span class=\"vc_empty_space_inner\"><\/span><\/div><\/div><\/div><\/div><\/div><div class=\"vc_row-full-width vc_clearfix\"><\/div>\n<\/section>","protected":false},"excerpt":{"rendered":"SISTEMAS DE INFORMACION Contamos con sistemas especializados, con los cuales controlamos la informaci\u00f3n en l\u00ednea para la Aduana y de igual forma la l\u00ednea a\u00e9rea.","protected":false},"author":2,"featured_media":0,"parent":0,"menu_order":0,"comment_status":"closed","ping_status":"closed","template":"","meta":{"footnotes":""},"class_list":["post-149","page","type-page","status-publish","hentry"],"_links":{"self":[{"href":"https:\/\/aeroexpress.net\/en\/wp-json\/wp\/v2\/pages\/149","targetHints":{"allow":["GET"]}}],"collection":[{"href":"https:\/\/aeroexpress.net\/en\/wp-json\/wp\/v2\/pages"}],"about":[{"href":"https:\/\/aeroexpress.net\/en\/wp-json\/wp\/v2\/types\/page"}],"author":[{"embeddable":true,"href":"https:\/\/aeroexpress.net\/en\/wp-json\/wp\/v2\/users\/2"}],"replies":[{"embeddable":true,"href":"https:\/\/aeroexpress.net\/en\/wp-json\/wp\/v2\/comments?post=149"}],"version-history":[{"count":0,"href":"https:\/\/aeroexpress.net\/en\/wp-json\/wp\/v2\/pages\/149\/revisions"}],"wp:attachment":[{"href":"https:\/\/aeroexpress.net\/en\/wp-json\/wp\/v2\/media?parent=149"}],"curies":[{"name":"wp","href":"https:\/\/api.w.org\/{rel}","templated":true}]}}